{"id":13,"date":"2026-02-11T21:48:15","date_gmt":"2026-02-11T20:48:15","guid":{"rendered":"https:\/\/fv.breese.de\/?page_id=13"},"modified":"2026-02-11T21:48:54","modified_gmt":"2026-02-11T20:48:54","slug":"satzung","status":"publish","type":"page","link":"https:\/\/fv.breese.de\/?page_id=13","title":{"rendered":""},"content":{"rendered":"\n<h2 class=\"wp-block-heading\">Satzung<\/h2>\n\n\n\n<h2 class=\"wp-block-heading\">\u00a71 Name, Sitz, Eintragung, Gesch\u00e4ftsjahr<\/h2>\n\n\n\n<ol class=\"wp-block-list\">\n<li>Der Verein tr\u00e4gt den Namen &#8222;F\u00f6rderverein Waldschule Breese &amp; KITA e.V.&#8220;<\/li>\n\n\n\n<li>Sitz des Vereins ist 19322 Breese.<\/li>\n\n\n\n<li>Der Verein ist im Vereinsregister unter der Registernummer VR 2142 NP eingetragen.<\/li>\n\n\n\n<li>Das Gesch\u00e4ftsjahr ist das Kalenderjahr.<\/li>\n<\/ol>\n\n\n\n<h2 class=\"wp-block-heading\">\u00a72 Zweck<\/h2>\n\n\n\n<p>Zweck des Vereins ist die F\u00f6rderung der Erziehung der Kinder an der Grundschule und der KITA in Breese. Er wird verwirklicht insbesondere durch die Anschaffung von Lehr- und Lernmittel und Anschauungsmaterial, sowie Ausstattungsgegenst\u00e4nden, die Unterst\u00fctzung von kulturellen Veranstaltungen und Fahrten der Schule und der KITA sowie Gestaltung der des Au\u00dfengel\u00e4ndes und Anschaffung von Spielger\u00e4ten.<\/p>\n\n\n\n<p>Der Verein wird hierzu m\u00f6glichst viele Mitglieder zu gewinnen suchen und Veranstaltungen sowie alle ihm zur Erreichung des Vereinszwecks geeignet erscheinenden Ma\u00dfnahmen durchf\u00fchren.<\/p>\n\n\n\n<h2 class=\"wp-block-heading\">\u00a73 Gemeinn\u00fctzigkeit<\/h2>\n\n\n\n<p>Der Verein verfolgt ausschlie\u00dflich und unmittelbar gemeinn\u00fctzige Zwecke im Sinne des Abschnitts \u201eSteuerbeg\u00fcnstigte Zwecke&#8220; der Abgabenordnung. Der Verein ist selbstlos t\u00e4tig; er verfolgt nicht in erster Linie eigenwirtschaftliche Zwecke. Mittel des Vereins d\u00fcrfen nur f\u00fcr die satzungsgem\u00e4\u00dfen Zwecke verwendet werden. Die Mitglieder erhalten keine Zuwendungen aus Mitteln des Vereins. Es darf keine Person durch Ausgaben, die dem Zwecke des Vereins fremd sind, oder durch unverh\u00e4ltnism\u00e4\u00dfig hohe Verg\u00fctungen beg\u00fcnstigt werden.<\/p>\n\n\n\n<h2 class=\"wp-block-heading\">\u00a74 Mitgliedschaft<\/h2>\n\n\n\n<ol class=\"wp-block-list\">\n<li>Mitglied des Vereins kann jede nat\u00fcrliche Person, jede juristische Person des privaten oder \u00f6ffentlichen Rechts, die das 16. Lebensjahr vollendet hat und den Vereinszweck f\u00f6rdern will, aber auch jede nicht rechtsf\u00e4hige Personenvereinigung werden.<\/li>\n\n\n\n<li>\u00dcber den schriftlichen Aufnahmeantrag entscheidet der Vorstand.<\/li>\n\n\n\n<li>Die Mitgliedschaft endet\n<ul class=\"wp-block-list\">\n<li>mit dem Tod des Mitglieds,<\/li>\n\n\n\n<li>durch schriftliche Austrittserkl\u00e4rung, gerichtet an ein Vorstandsmitglied; sie ist nur zum Schluss eines Kalendermonats zul\u00e4ssig.<\/li>\n\n\n\n<li>durch Ausschluss aus dem Verein.<\/li>\n<\/ul>\n<\/li>\n\n\n\n<li>Ein Mitglied, das in erheblichen Ma\u00df gegen die Vereinsinteressen versto\u00dfen hat, kann durch Beschluss des Vorstands aus dem Verein ausgeschlossen werden. Vor dem Ausschluss ist das betroffene Mitglied pers\u00f6nlich oder schriftlich zu h\u00f6ren. Die Entscheidung \u00fcber den Ausschluss ist schriftlich zu begr\u00fcnden und dem Mitglied mit Einschreiben gegen R\u00fcckschein zuzustellen. Es kann innerhalb einer Frist von einem Monat ab Zugang schriftlich Berufung beim Vorstand einlegen. \u00dcber die Berufung entscheidet die Mitgliederversammlung. Macht das Mitglied vom Recht der Berufung innerhalb der Frist keinen Gebrauch, unterwirft es sich dem Ausschlie\u00dfungsbeschluss.<\/li>\n\n\n\n<li>Jedes Mitglied bekommt eine Mitgliedsbescheinigung ausgeh\u00e4ndigt.<\/li>\n<\/ol>\n\n\n\n<h2 class=\"wp-block-heading\">\u00a75 Organ des Vereins<\/h2>\n\n\n\n<p>Die Organe des Vereins sind:<\/p>\n\n\n\n<ol class=\"wp-block-list\">\n<li>Der Vorstand<\/li>\n\n\n\n<li>Die Mitgliederversammlung<\/li>\n<\/ol>\n\n\n\n<h2 class=\"wp-block-heading\">\u00a76 Der Vorstand<\/h2>\n\n\n\n<ol class=\"wp-block-list\">\n<li>Der Vorstand\u00a0 des Vereins setzt sich wie folgt zusammen:\n<ul class=\"wp-block-list\">\n<li>1. Vorsitzenden,<\/li>\n\n\n\n<li>2. Vorsitzenden\/Schriftf\u00fchrer<\/li>\n\n\n\n<li>Kassenwart.<br>Dem Vorstand geh\u00f6ren mit beratender Stimme an:\n<ul class=\"wp-block-list\">\n<li>der Vorsitzende des Schulelternbeirats oder sein Stellvertreter,<\/li>\n\n\n\n<li>ein Vertreter der Schulleitung, und<\/li>\n\n\n\n<li>ein Vertreter der KITA.<\/li>\n<\/ul>\n<\/li>\n\n\n\n<li>Der Verein wird gerichtlich und au\u00dfergerichtlich durch zwei Vorstandsmitglieder vertreten.<\/li>\n<\/ul>\n<\/li>\n\n\n\n<li>Der Vorstand wird von der Mitgliederversammlung auf die Dauer von 2 Jahren gew\u00e4hlt. Er bleibt solange im Amt, bis eine Neuwahl erfolgt. Scheidet ein Mitglied des Vorstands w\u00e4hrend der Amtsperiode aus, w\u00e4hlt der Vorstand ein Ersatzmitglied f\u00fcr den Rest der Amtsdauer des ausgeschiedenen Vorstandsmitglieds.<\/li>\n<\/ol>\n\n\n\n<h2 class=\"wp-block-heading\">\u00a77 Die Mitgliederversammlung<\/h2>\n\n\n\n<div class=\"wp-block-group\"><div class=\"wp-block-group__inner-container is-layout-constrained wp-block-group-is-layout-constrained\">\n<ol class=\"wp-block-list\">\n<li>Der Vorstand hat alle 2 Jahre eine Mitgliederversammlung einzuberufen. Die Mitglieder sind zur Mitgliederversammlung mindestens 14 Tage vor dem Termin unter Angabe der Tagesordnung per E-Mail (bei Vorlage der E-Mail-Adresse und der Einverst\u00e4ndniserkl\u00e4rung des Mitgliedes) oder schriftlich mittels einfachen Briefs einzuberufen.<\/li>\n\n\n\n<li>Die Mitgliederversammlung hat insbesondere folgende Aufgaben:\n<ul class=\"wp-block-list\">\n<li>Genehmigung des Haushaltsplans f\u00fcr das kommende Gesch\u00e4ftsjahr,<\/li>\n\n\n\n<li>Entgegennahme des Rechenschaftsberichtes des Vorstands und dessen Entlassung.<\/li>\n\n\n\n<li>Wahl des Vorstands,<\/li>\n\n\n\n<li>Festsetzung der H\u00f6he des Mitgliedsbeitrags,<\/li>\n\n\n\n<li>Beschl\u00fcsse \u00fcber Satzungs\u00e4nderungen und Vereinsaufl\u00f6sung,<\/li>\n\n\n\n<li>Beschl\u00fcsse \u00fcber die Berufung eines Mitglieds gegen seinen Ausschluss durch den Vorstand.<\/li>\n<\/ul>\n<\/li>\n\n\n\n<li>Der Vorstand hat unverz\u00fcglich eine Mitgliederversammlung      einzuberufen, wenn das Vereinsinteresse es erfordert oder wenn mindestens 5% der Mitglieder die Einberufung schriftlich unter Angabe des Zwecks und der Gr\u00fcnde fordern.<\/li>\n\n\n\n<li>\u00dcber die Beschl\u00fcsse der Mitgliederversammlung ist ein Protokoll aufzunehmen, das vom Versammlungsleiter und dem Protokollf\u00fchrer zu unterzeichnen ist.<\/li>\n<\/ol>\n<\/div><\/div>\n\n\n\n<h2 class=\"wp-block-heading\">\u00a78 Mitgliedsbeitr\u00e4ge<\/h2>\n\n\n\n<p>Die Mitgliedsbeitr\u00e4ge sind Jahresbeitr\u00e4ge und jeweils am 1. Januar im Voraus f\u00e4llig. \u00dcber die H\u00f6he der Mitgliedsbeitr\u00e4ge entscheidet die Mitgliederversammlung. Sie kann den Vorstand erm\u00e4chtigen, Rentnern, Sch\u00fclern und Studenten die Beitr\u00e4ge ganz oder teilweise zu erlassen.<\/p>\n\n\n\n<p>Wenn ein Mitglied nach 2-maliger, schriftlicher Mahnung, der Zahlung des Mitgliedsbeitrages nicht nachkommt, ist der Vorstand berechtigt die Mitgliedschaft schriftlich zu k\u00fcndigen.<\/p>\n\n\n\n<h2 class=\"wp-block-heading\">\u00a79 Aufl\u00f6sung des Vereins und Anfall des Vereinsverm\u00f6gens<\/h2>\n\n\n\n<p>Bei Aufl\u00f6sung des Vereins&nbsp; oder bei Wegfall steuerbeg\u00fcnstigter Zwecke f\u00e4llt das Verm\u00f6gen an eine juristische Person des \u00f6ffentlichen Rechts oder an eine andere steuerbeg\u00fcnstigte K\u00f6rperschaft zwecks Verwendung f\u00fcr F\u00f6rderung der Erziehung.<\/p>\n\n\n\n<p>ver\u00e4nderte Fassung vom 01.02.2023<\/p>\n\n\n\n<p><\/p>\n","protected":false},"excerpt":{"rendered":"<p>Satzung \u00a71 Name, Sitz, Eintragung, Gesch\u00e4ftsjahr \u00a72 Zweck Zweck des Vereins ist die F\u00f6rderung der Erziehung der Kinder an der Grundschule und der KITA in Breese. Er wird verwirklicht insbesondere durch die Anschaffung von Lehr- und Lernmittel und Anschauungsmaterial, sowie Ausstattungsgegenst\u00e4nden, die Unterst\u00fctzung von kulturellen Veranstaltungen und Fahrten der Schule und der KITA sowie Gestaltung [&hellip;]<\/p>\n","protected":false},"author":3,"featured_media":87,"parent":0,"menu_order":0,"comment_status":"closed","ping_status":"closed","template":"","meta":{"footnotes":""},"class_list":["post-13","page","type-page","status-publish","has-post-thumbnail","hentry"],"_links":{"self":[{"href":"https:\/\/fv.breese.de\/index.php?rest_route=\/wp\/v2\/pages\/13","targetHints":{"allow":["GET"]}}],"collection":[{"href":"https:\/\/fv.breese.de\/index.php?rest_route=\/wp\/v2\/pages"}],"about":[{"href":"https:\/\/fv.breese.de\/index.php?rest_route=\/wp\/v2\/types\/page"}],"author":[{"embeddable":true,"href":"https:\/\/fv.breese.de\/index.php?rest_route=\/wp\/v2\/users\/3"}],"replies":[{"embeddable":true,"href":"https:\/\/fv.breese.de\/index.php?rest_route=%2Fwp%2Fv2%2Fcomments&post=13"}],"version-history":[{"count":9,"href":"https:\/\/fv.breese.de\/index.php?rest_route=\/wp\/v2\/pages\/13\/revisions"}],"predecessor-version":[{"id":98,"href":"https:\/\/fv.breese.de\/index.php?rest_route=\/wp\/v2\/pages\/13\/revisions\/98"}],"wp:featuredmedia":[{"embeddable":true,"href":"https:\/\/fv.breese.de\/index.php?rest_route=\/wp\/v2\/media\/87"}],"wp:attachment":[{"href":"https:\/\/fv.breese.de\/index.php?rest_route=%2Fwp%2Fv2%2Fmedia&parent=13"}],"curies":[{"name":"wp","href":"https:\/\/api.w.org\/{rel}","templated":true}]}}