{"id":15,"date":"2026-02-11T22:01:15","date_gmt":"2026-02-11T21:01:15","guid":{"rendered":"https:\/\/fv.breese.de\/?page_id=15"},"modified":"2026-02-11T22:01:46","modified_gmt":"2026-02-11T21:01:46","slug":"spenden","status":"publish","type":"page","link":"https:\/\/fv.breese.de\/?page_id=15","title":{"rendered":""},"content":{"rendered":"\n<h2 class=\"wp-block-heading\">Durch SPENDEN etwas bewegen!<\/h2>\n\n\n\n<p>Wir als Verein finanzieren unsere T\u00e4tigkeiten&nbsp;ausschlie\u00dflich \u00fcber die Mitgliedsbeitr\u00e4ge unserer Mitglieder und das pers\u00f6nliche Engagement der vielen freiwilligen Helfer. Das Engagement ist dabei sehr vielf\u00e4ltig. Es reicht von Unterst\u00fctzung bei der Organisation bis hin zu Sach- und Geldspenden.<\/p>\n\n\n\n<p>Wenn auch Sie uns Unterst\u00fctzen m\u00f6chten, dann sprechen Sie uns einfach per E-Mail (<a href=\"mailto:fv-ws-breese@web.de\">fv-ws-breese@web.de<\/a>) an. F\u00fcr Geldspenden steht Ihnen unser Spendenkonto zur Verf\u00fcgung.<\/p>\n\n\n\n<figure class=\"wp-block-table\"><table><tbody><tr><td><strong>Spendenkonto<\/strong><\/td><td>F\u00f6rderverein Waldschule Breese &amp; KITA e.V. <br>Sparkasse Prignitz <br>IBAN:&nbsp;DE47 1605 0101 1240 0002 74 <br>BIC: WELADED1PRP<\/td><\/tr><\/tbody><\/table><\/figure>\n\n\n\n<p>Selbstverst\u00e4ndlich erhalten Sie von uns nach Eingang der Spende eine Best\u00e4tigung, die Sie bei der j\u00e4hrlichen Einkommenssteuererkl\u00e4rung bzw. Umsatzsteuererkl\u00e4rung ggf. mit steuerminderndem Erfolg einreichen k\u00f6nnen.<\/p>\n\n\n\n<p>Sehr freuen, w\u00fcrden wir uns aber auch \u00fcber Ihre Aktive Mitgliedschaft. Sollten Sie noch kein Mitglied sein, dann k\u00f6nnen Sie hier das Formular&nbsp;<a rel=\"noreferrer noopener\" href=\"https:\/\/fv.breese.de\/downloads\/Beitrittserklaerung.pdf\" target=\"_blank\">herunterladen<\/a>.<\/p>\n","protected":false},"excerpt":{"rendered":"<p>Durch SPENDEN etwas bewegen! Wir als Verein finanzieren unsere T\u00e4tigkeiten&nbsp;ausschlie\u00dflich \u00fcber die Mitgliedsbeitr\u00e4ge unserer Mitglieder und das pers\u00f6nliche Engagement der vielen freiwilligen Helfer. Das Engagement ist dabei sehr vielf\u00e4ltig. Es reicht von Unterst\u00fctzung bei der Organisation bis hin zu Sach- und Geldspenden. Wenn auch Sie uns Unterst\u00fctzen m\u00f6chten, dann sprechen Sie uns einfach per E-Mail [&hellip;]<\/p>\n","protected":false},"author":3,"featured_media":87,"parent":0,"menu_order":0,"comment_status":"closed","ping_status":"closed","template":"","meta":{"footnotes":""},"class_list":["post-15","page","type-page","status-publish","has-post-thumbnail","hentry"],"_links":{"self":[{"href":"https:\/\/fv.breese.de\/index.php?rest_route=\/wp\/v2\/pages\/15","targetHints":{"allow":["GET"]}}],"collection":[{"href":"https:\/\/fv.breese.de\/index.php?rest_route=\/wp\/v2\/pages"}],"about":[{"href":"https:\/\/fv.breese.de\/index.php?rest_route=\/wp\/v2\/types\/page"}],"author":[{"embeddable":true,"href":"https:\/\/fv.breese.de\/index.php?rest_route=\/wp\/v2\/users\/3"}],"replies":[{"embeddable":true,"href":"https:\/\/fv.breese.de\/index.php?rest_route=%2Fwp%2Fv2%2Fcomments&post=15"}],"version-history":[{"count":5,"href":"https:\/\/fv.breese.de\/index.php?rest_route=\/wp\/v2\/pages\/15\/revisions"}],"predecessor-version":[{"id":102,"href":"https:\/\/fv.breese.de\/index.php?rest_route=\/wp\/v2\/pages\/15\/revisions\/102"}],"wp:featuredmedia":[{"embeddable":true,"href":"https:\/\/fv.breese.de\/index.php?rest_route=\/wp\/v2\/media\/87"}],"wp:attachment":[{"href":"https:\/\/fv.breese.de\/index.php?rest_route=%2Fwp%2Fv2%2Fmedia&parent=15"}],"curies":[{"name":"wp","href":"https:\/\/api.w.org\/{rel}","templated":true}]}}