{"id":5,"date":"2026-02-11T20:57:57","date_gmt":"2026-02-11T19:57:57","guid":{"rendered":"https:\/\/fv.breese.de\/?page_id=5"},"modified":"2026-02-11T20:57:17","modified_gmt":"2026-02-11T19:57:17","slug":"herzlich-willkommen-auf-der-internetseite-des-foerdervereins-waldschule-breese-kita-e-v","status":"publish","type":"page","link":"https:\/\/fv.breese.de\/","title":{"rendered":""},"content":{"rendered":"\n<h2 class=\"wp-block-heading\">Herzlich Willkommen auf der Internetseite des F\u00f6rdervereins Waldschule Breese &amp; KITA e.V.<\/h2>\n\n\n\n<p>Als eingetragener und gemeinn\u00fctziger Verein sehen wir uns als eine Plattform f\u00fcr Eltern, Gro\u00dfeltern und f\u00fcr andere Verwandte und Interessierte, die sich in unterschiedlicher Form an der Unterst\u00fctzung der Waldschule Breese und der KITA Breese beteiligen m\u00f6chten. Damit soll aktive Familienpolitik hier im Kleinen durch jeden machbar werden.<\/p>\n\n\n\n<p>Unser F\u00f6rderverein setzt sich aus Mitgliedern zusammen, die gute Ideen einbringen, bei der Organisation von Festen und Veranstaltungen mitwirken, spezielle Angebote zur F\u00f6rderung der Kinder im musischen, sportlichen oder sozialen Bereich umsetzen helfen, sich f\u00fcr L\u00f6sungen von aktuellen Problemen in der KITA oder Sammlung von Spenden engagieren oder einfach nur einen Beitrag zur finanziellen Unterst\u00fctzung zahlen.<\/p>\n\n\n\n<p>Von der Einsatzfreude und vom Ideenreichtum der einzelnen Mitglieder des F\u00f6rdervereins ist es nun abh\u00e4ngig den Verein mit Leben zu erf\u00fcllen und im Sinne unserer Kinder Gutes zu tun. Mitglieder sind bei uns immer und jederzeit herzlich willkommen!<\/p>\n\n\n\n<p>Und nun viel Spa\u00df beim St\u00f6bern!<\/p>\n","protected":false},"excerpt":{"rendered":"<p>Herzlich Willkommen auf der Internetseite des F\u00f6rdervereins Waldschule Breese &amp; KITA e.V. Als eingetragener und gemeinn\u00fctziger Verein sehen wir uns als eine Plattform f\u00fcr Eltern, Gro\u00dfeltern und f\u00fcr andere Verwandte und Interessierte, die sich in unterschiedlicher Form an der Unterst\u00fctzung der Waldschule Breese und der KITA Breese beteiligen m\u00f6chten. Damit soll aktive Familienpolitik hier im [&hellip;]<\/p>\n","protected":false},"author":3,"featured_media":87,"parent":0,"menu_order":0,"comment_status":"closed","ping_status":"closed","template":"","meta":{"footnotes":""},"class_list":["post-5","page","type-page","status-publish","has-post-thumbnail","hentry"],"_links":{"self":[{"href":"https:\/\/fv.breese.de\/index.php?rest_route=\/wp\/v2\/pages\/5","targetHints":{"allow":["GET"]}}],"collection":[{"href":"https:\/\/fv.breese.de\/index.php?rest_route=\/wp\/v2\/pages"}],"about":[{"href":"https:\/\/fv.breese.de\/index.php?rest_route=\/wp\/v2\/types\/page"}],"author":[{"embeddable":true,"href":"https:\/\/fv.breese.de\/index.php?rest_route=\/wp\/v2\/users\/3"}],"replies":[{"embeddable":true,"href":"https:\/\/fv.breese.de\/index.php?rest_route=%2Fwp%2Fv2%2Fcomments&post=5"}],"version-history":[{"count":6,"href":"https:\/\/fv.breese.de\/index.php?rest_route=\/wp\/v2\/pages\/5\/revisions"}],"predecessor-version":[{"id":93,"href":"https:\/\/fv.breese.de\/index.php?rest_route=\/wp\/v2\/pages\/5\/revisions\/93"}],"wp:featuredmedia":[{"embeddable":true,"href":"https:\/\/fv.breese.de\/index.php?rest_route=\/wp\/v2\/media\/87"}],"wp:attachment":[{"href":"https:\/\/fv.breese.de\/index.php?rest_route=%2Fwp%2Fv2%2Fmedia&parent=5"}],"curies":[{"name":"wp","href":"https:\/\/api.w.org\/{rel}","templated":true}]}}